{"id":27,"date":"2023-06-12T11:18:31","date_gmt":"2023-06-12T17:18:31","guid":{"rendered":"https:\/\/comprovet.com.mx\/2023\/?page_id=27"},"modified":"2023-06-14T16:49:46","modified_gmt":"2023-06-14T22:49:46","slug":"jaulas-para-gallinas","status":"publish","type":"page","link":"https:\/\/comprovet.com.mx\/2023\/jaulas-para-gallinas\/","title":{"rendered":"Jaulas para Gallinas"},"content":{"rendered":"\t\t<div data-elementor-type=\"wp-page\" data-elementor-id=\"27\" class=\"elementor elementor-27\" data-elementor-post-type=\"page\">\n\t\t\t\t\t\t<section class=\"elementor-section elementor-top-section elementor-element elementor-element-4c84e6b elementor-section-full_width elementor-section-height-default elementor-section-height-default\" data-id=\"4c84e6b\" data-element_type=\"section\">\n\t\t\t\t\t\t<div class=\"elementor-container elementor-column-gap-default\">\n\t\t\t\t\t<div class=\"elementor-column elementor-col-100 elementor-top-column elementor-element elementor-element-e99386b\" data-id=\"e99386b\" data-element_type=\"column\">\n\t\t\t<div class=\"elementor-widget-wrap elementor-element-populated\">\n\t\t\t\t\t\t<div class=\"elementor-element elementor-element-df3b7d8 elementor-widget elementor-widget-heading\" data-id=\"df3b7d8\" data-element_type=\"widget\" data-widget_type=\"heading.default\">\n\t\t\t\t<div class=\"elementor-widget-container\">\n\t\t\t\t\t<h2 class=\"elementor-heading-title elementor-size-default\">JAULAS PARA GALLINAS Y POLLITOS<\/h2>\t\t\t\t<\/div>\n\t\t\t\t<\/div>\n\t\t\t\t\t<\/div>\n\t\t<\/div>\n\t\t\t\t\t<\/div>\n\t\t<\/section>\n\t\t\t\t<section class=\"elementor-section elementor-top-section elementor-element elementor-element-598a4be elementor-section-boxed elementor-section-height-default elementor-section-height-default\" data-id=\"598a4be\" data-element_type=\"section\">\n\t\t\t\t\t\t<div class=\"elementor-container elementor-column-gap-default\">\n\t\t\t\t\t<div class=\"elementor-column elementor-col-100 elementor-top-column elementor-element elementor-element-05f8e63\" data-id=\"05f8e63\" data-element_type=\"column\">\n\t\t\t<div class=\"elementor-widget-wrap elementor-element-populated\">\n\t\t\t\t\t\t<div class=\"elementor-element elementor-element-2350c05 elementor-widget elementor-widget-text-editor\" data-id=\"2350c05\" data-element_type=\"widget\" data-widget_type=\"text-editor.default\">\n\t\t\t\t<div class=\"elementor-widget-container\">\n\t\t\t\t\t\t\t\t\t<p style=\"text-align: center;\">Contamos con\u00a0<strong>4 modelos de jaulas para gallinas en postura<\/strong>\u00a0con recept\u00e1culos de huevos en diferentes presentaciones, as\u00ed como sus\u00a0<em>bebederos manuales y autom\u00e1ticos, comederos, nidos individuales o colectivos<\/em>\u00a0y todo lo necesario para la<strong>\u00a0cr\u00eda y cuida de pollitos<\/strong>. Estos modelos de jaulas se usan para armar las bater\u00edas de 1, 2 \u00f3 3 niveles en difirentes presentaciones.<\/p>\t\t\t\t\t\t\t\t<\/div>\n\t\t\t\t<\/div>\n\t\t\t\t\t<\/div>\n\t\t<\/div>\n\t\t\t\t\t<\/div>\n\t\t<\/section>\n\t\t\t\t<section class=\"elementor-section elementor-top-section elementor-element elementor-element-c341135 elementor-section-boxed elementor-section-height-default elementor-section-height-default\" data-id=\"c341135\" data-element_type=\"section\">\n\t\t\t\t\t\t<div class=\"elementor-container elementor-column-gap-default\">\n\t\t\t\t\t<div class=\"elementor-column elementor-col-100 elementor-top-column elementor-element elementor-element-b34dad4\" data-id=\"b34dad4\" data-element_type=\"column\">\n\t\t\t<div class=\"elementor-widget-wrap elementor-element-populated\">\n\t\t\t\t\t\t<div class=\"elementor-element elementor-element-d427874 elementor-widget elementor-widget-image\" data-id=\"d427874\" data-element_type=\"widget\" data-widget_type=\"image.default\">\n\t\t\t\t<div class=\"elementor-widget-container\">\n\t\t\t\t\t\t\t\t\t\t\t\t\t\t\t\t<a href=\"https:\/\/comprovet.com.mx\/2023\/wp-content\/uploads\/2023\/06\/jaulas-gallinas-y-pollitos-comprovet-1.jpg\" target=\"_blank\">\n\t\t\t\t\t\t\t<img fetchpriority=\"high\" decoding=\"async\" width=\"960\" height=\"720\" src=\"https:\/\/comprovet.com.mx\/2023\/wp-content\/uploads\/2023\/06\/jaulas-gallinas-y-pollitos-comprovet-1.jpg\" class=\"attachment-large size-large wp-image-243\" alt=\"\" srcset=\"https:\/\/comprovet.com.mx\/2023\/wp-content\/uploads\/2023\/06\/jaulas-gallinas-y-pollitos-comprovet-1.jpg 960w, https:\/\/comprovet.com.mx\/2023\/wp-content\/uploads\/2023\/06\/jaulas-gallinas-y-pollitos-comprovet-1-300x225.jpg 300w, https:\/\/comprovet.com.mx\/2023\/wp-content\/uploads\/2023\/06\/jaulas-gallinas-y-pollitos-comprovet-1-768x576.jpg 768w\" sizes=\"(max-width: 960px) 100vw, 960px\" \/>\t\t\t\t\t\t\t\t<\/a>\n\t\t\t\t\t\t\t\t\t\t\t\t\t\t\t<\/div>\n\t\t\t\t<\/div>\n\t\t\t\t\t<\/div>\n\t\t<\/div>\n\t\t\t\t\t<\/div>\n\t\t<\/section>\n\t\t\t\t<section class=\"elementor-section elementor-top-section elementor-element elementor-element-732ffdd elementor-section-full_width elementor-section-height-default elementor-section-height-default\" data-id=\"732ffdd\" data-element_type=\"section\">\n\t\t\t\t\t\t<div class=\"elementor-container elementor-column-gap-default\">\n\t\t\t\t\t<div class=\"elementor-column elementor-col-100 elementor-top-column elementor-element elementor-element-67ec305\" data-id=\"67ec305\" data-element_type=\"column\">\n\t\t\t<div class=\"elementor-widget-wrap elementor-element-populated\">\n\t\t\t\t\t\t<div class=\"elementor-element elementor-element-40269b9 elementor-widget elementor-widget-heading\" data-id=\"40269b9\" data-element_type=\"widget\" data-widget_type=\"heading.default\">\n\t\t\t\t<div class=\"elementor-widget-container\">\n\t\t\t\t\t<h5 class=\"elementor-heading-title elementor-size-default\">Tambi\u00e9n tenemos corraletas, criadoras el\u00e9ctricas, desarrolladoras, incubadoras y una gama muy amplia de bebederos y comederos.<\/h5>\t\t\t\t<\/div>\n\t\t\t\t<\/div>\n\t\t\t\t\t<\/div>\n\t\t<\/div>\n\t\t\t\t\t<\/div>\n\t\t<\/section>\n\t\t\t\t<section class=\"elementor-section elementor-top-section elementor-element elementor-element-e4c54f7 elementor-section-boxed elementor-section-height-default elementor-section-height-default\" data-id=\"e4c54f7\" data-element_type=\"section\">\n\t\t\t\t\t\t<div class=\"elementor-container elementor-column-gap-default\">\n\t\t\t\t\t<div class=\"elementor-column elementor-col-100 elementor-top-column elementor-element elementor-element-f5b8f03\" data-id=\"f5b8f03\" data-element_type=\"column\">\n\t\t\t<div class=\"elementor-widget-wrap\">\n\t\t\t\t\t\t\t<\/div>\n\t\t<\/div>\n\t\t\t\t\t<\/div>\n\t\t<\/section>\n\t\t\t\t<\/div>\n\t\t","protected":false},"excerpt":{"rendered":"<p>JAULAS PARA GALLINAS Y POLLITOS Contamos con\u00a04 modelos de jaulas para gallinas en postura\u00a0con recept\u00e1culos de huevos en diferentes presentaciones, as\u00ed como sus\u00a0bebederos manuales y autom\u00e1ticos, comederos, nidos individuales o colectivos\u00a0y todo lo necesario para la\u00a0cr\u00eda y cuida de pollitos. Estos modelos de jaulas se usan para armar las bater\u00edas de 1, 2 \u00f3 3 [&hellip;]<\/p>\n","protected":false},"author":1,"featured_media":0,"parent":0,"menu_order":0,"comment_status":"closed","ping_status":"closed","template":"","meta":{"site-sidebar-layout":"no-sidebar","site-content-layout":"page-builder","ast-site-content-layout":"default","site-content-style":"default","site-sidebar-style":"default","ast-global-header-display":"","ast-banner-title-visibility":"","ast-main-header-display":"","ast-hfb-above-header-display":"","ast-hfb-below-header-display":"","ast-hfb-mobile-header-display":"","site-post-title":"disabled","ast-breadcrumbs-content":"","ast-featured-img":"disabled","footer-sml-layout":"","ast-disable-related-posts":"","theme-transparent-header-meta":"default","adv-header-id-meta":"","stick-header-meta":"","header-above-stick-meta":"","header-main-stick-meta":"","header-below-stick-meta":"","astra-migrate-meta-layouts":"default","ast-page-background-enabled":"default","ast-page-background-meta":{"desktop":{"background-color":"var(--ast-global-color-4)","background-image":"","background-repeat":"repeat","background-position":"center center","background-size":"auto","background-attachment":"scroll","background-type":"","background-media":"","overlay-type":"","overlay-color":"","overlay-opacity":"","overlay-gradient":""},"tablet":{"background-color":"","background-image":"","background-repeat":"repeat","background-position":"center center","background-size":"auto","background-attachment":"scroll","background-type":"","background-media":"","overlay-type":"","overlay-color":"","overlay-opacity":"","overlay-gradient":""},"mobile":{"background-color":"","background-image":"","background-repeat":"repeat","background-position":"center center","background-size":"auto","background-attachment":"scroll","background-type":"","background-media":"","overlay-type":"","overlay-color":"","overlay-opacity":"","overlay-gradient":""}},"ast-content-background-meta":{"desktop":{"background-color":"var(--ast-global-color-5)","background-image":"","background-repeat":"repeat","background-position":"center center","background-size":"auto","background-attachment":"scroll","background-type":"","background-media":"","overlay-type":"","overlay-color":"","overlay-opacity":"","overlay-gradient":""},"tablet":{"background-color":"var(--ast-global-color-5)","background-image":"","background-repeat":"repeat","background-position":"center center","background-size":"auto","background-attachment":"scroll","background-type":"","background-media":"","overlay-type":"","overlay-color":"","overlay-opacity":"","overlay-gradient":""},"mobile":{"background-color":"var(--ast-global-color-5)","background-image":"","background-repeat":"repeat","background-position":"center center","background-size":"auto","background-attachment":"scroll","background-type":"","background-media":"","overlay-type":"","overlay-color":"","overlay-opacity":"","overlay-gradient":""}},"footnotes":""},"class_list":["post-27","page","type-page","status-publish","hentry"],"yoast_head":"<!-- This site is optimized with the Yoast SEO plugin v26.8 - https:\/\/yoast.com\/product\/yoast-seo-wordpress\/ -->\n<title>Jaulas para Gallinas - Comprovet<\/title>\n<meta name=\"robots\" content=\"index, follow, max-snippet:-1, max-image-preview:large, max-video-preview:-1\" \/>\n<link rel=\"canonical\" href=\"https:\/\/comprovet.com.mx\/2023\/jaulas-para-gallinas\/\" \/>\n<meta property=\"og:locale\" content=\"es_ES\" \/>\n<meta property=\"og:type\" content=\"article\" \/>\n<meta property=\"og:title\" content=\"Jaulas para Gallinas - Comprovet\" \/>\n<meta property=\"og:description\" content=\"JAULAS PARA GALLINAS Y POLLITOS Contamos con\u00a04 modelos de jaulas para gallinas en postura\u00a0con recept\u00e1culos de huevos en diferentes presentaciones, as\u00ed como sus\u00a0bebederos manuales y autom\u00e1ticos, comederos, nidos individuales o colectivos\u00a0y todo lo necesario para la\u00a0cr\u00eda y cuida de pollitos. Estos modelos de jaulas se usan para armar las bater\u00edas de 1, 2 \u00f3 3 [&hellip;]\" \/>\n<meta property=\"og:url\" content=\"https:\/\/comprovet.com.mx\/2023\/jaulas-para-gallinas\/\" \/>\n<meta property=\"og:site_name\" content=\"Comprovet\" \/>\n<meta property=\"article:modified_time\" content=\"2023-06-14T22:49:46+00:00\" \/>\n<meta property=\"og:image\" content=\"https:\/\/comprovet.com.mx\/2023\/wp-content\/uploads\/2023\/06\/jaulas-gallinas-y-pollitos-comprovet-1.jpg\" \/>\n<meta name=\"twitter:card\" content=\"summary_large_image\" \/>\n<meta name=\"twitter:label1\" content=\"Tiempo de lectura\" \/>\n\t<meta name=\"twitter:data1\" content=\"1 minuto\" \/>\n<script type=\"application\/ld+json\" class=\"yoast-schema-graph\">{\"@context\":\"https:\/\/schema.org\",\"@graph\":[{\"@type\":\"WebPage\",\"@id\":\"https:\/\/comprovet.com.mx\/2023\/jaulas-para-gallinas\/\",\"url\":\"https:\/\/comprovet.com.mx\/2023\/jaulas-para-gallinas\/\",\"name\":\"Jaulas para Gallinas - Comprovet\",\"isPartOf\":{\"@id\":\"https:\/\/comprovet.com.mx\/2023\/#website\"},\"primaryImageOfPage\":{\"@id\":\"https:\/\/comprovet.com.mx\/2023\/jaulas-para-gallinas\/#primaryimage\"},\"image\":{\"@id\":\"https:\/\/comprovet.com.mx\/2023\/jaulas-para-gallinas\/#primaryimage\"},\"thumbnailUrl\":\"https:\/\/comprovet.com.mx\/2023\/wp-content\/uploads\/2023\/06\/jaulas-gallinas-y-pollitos-comprovet-1.jpg\",\"datePublished\":\"2023-06-12T17:18:31+00:00\",\"dateModified\":\"2023-06-14T22:49:46+00:00\",\"breadcrumb\":{\"@id\":\"https:\/\/comprovet.com.mx\/2023\/jaulas-para-gallinas\/#breadcrumb\"},\"inLanguage\":\"es\",\"potentialAction\":[{\"@type\":\"ReadAction\",\"target\":[\"https:\/\/comprovet.com.mx\/2023\/jaulas-para-gallinas\/\"]}]},{\"@type\":\"ImageObject\",\"inLanguage\":\"es\",\"@id\":\"https:\/\/comprovet.com.mx\/2023\/jaulas-para-gallinas\/#primaryimage\",\"url\":\"https:\/\/comprovet.com.mx\/2023\/wp-content\/uploads\/2023\/06\/jaulas-gallinas-y-pollitos-comprovet-1.jpg\",\"contentUrl\":\"https:\/\/comprovet.com.mx\/2023\/wp-content\/uploads\/2023\/06\/jaulas-gallinas-y-pollitos-comprovet-1.jpg\"},{\"@type\":\"BreadcrumbList\",\"@id\":\"https:\/\/comprovet.com.mx\/2023\/jaulas-para-gallinas\/#breadcrumb\",\"itemListElement\":[{\"@type\":\"ListItem\",\"position\":1,\"name\":\"Portada\",\"item\":\"https:\/\/comprovet.com.mx\/2023\/\"},{\"@type\":\"ListItem\",\"position\":2,\"name\":\"Jaulas para Gallinas\"}]},{\"@type\":\"WebSite\",\"@id\":\"https:\/\/comprovet.com.mx\/2023\/#website\",\"url\":\"https:\/\/comprovet.com.mx\/2023\/\",\"name\":\"Comprovet\",\"description\":\"\",\"potentialAction\":[{\"@type\":\"SearchAction\",\"target\":{\"@type\":\"EntryPoint\",\"urlTemplate\":\"https:\/\/comprovet.com.mx\/2023\/?s={search_term_string}\"},\"query-input\":{\"@type\":\"PropertyValueSpecification\",\"valueRequired\":true,\"valueName\":\"search_term_string\"}}],\"inLanguage\":\"es\"}]}<\/script>\n<!-- \/ Yoast SEO plugin. -->","yoast_head_json":{"title":"Jaulas para Gallinas - Comprovet","robots":{"index":"index","follow":"follow","max-snippet":"max-snippet:-1","max-image-preview":"max-image-preview:large","max-video-preview":"max-video-preview:-1"},"canonical":"https:\/\/comprovet.com.mx\/2023\/jaulas-para-gallinas\/","og_locale":"es_ES","og_type":"article","og_title":"Jaulas para Gallinas - Comprovet","og_description":"JAULAS PARA GALLINAS Y POLLITOS Contamos con\u00a04 modelos de jaulas para gallinas en postura\u00a0con recept\u00e1culos de huevos en diferentes presentaciones, as\u00ed como sus\u00a0bebederos manuales y autom\u00e1ticos, comederos, nidos individuales o colectivos\u00a0y todo lo necesario para la\u00a0cr\u00eda y cuida de pollitos. Estos modelos de jaulas se usan para armar las bater\u00edas de 1, 2 \u00f3 3 [&hellip;]","og_url":"https:\/\/comprovet.com.mx\/2023\/jaulas-para-gallinas\/","og_site_name":"Comprovet","article_modified_time":"2023-06-14T22:49:46+00:00","og_image":[{"url":"https:\/\/comprovet.com.mx\/2023\/wp-content\/uploads\/2023\/06\/jaulas-gallinas-y-pollitos-comprovet-1.jpg","type":"","width":"","height":""}],"twitter_card":"summary_large_image","twitter_misc":{"Tiempo de lectura":"1 minuto"},"schema":{"@context":"https:\/\/schema.org","@graph":[{"@type":"WebPage","@id":"https:\/\/comprovet.com.mx\/2023\/jaulas-para-gallinas\/","url":"https:\/\/comprovet.com.mx\/2023\/jaulas-para-gallinas\/","name":"Jaulas para Gallinas - Comprovet","isPartOf":{"@id":"https:\/\/comprovet.com.mx\/2023\/#website"},"primaryImageOfPage":{"@id":"https:\/\/comprovet.com.mx\/2023\/jaulas-para-gallinas\/#primaryimage"},"image":{"@id":"https:\/\/comprovet.com.mx\/2023\/jaulas-para-gallinas\/#primaryimage"},"thumbnailUrl":"https:\/\/comprovet.com.mx\/2023\/wp-content\/uploads\/2023\/06\/jaulas-gallinas-y-pollitos-comprovet-1.jpg","datePublished":"2023-06-12T17:18:31+00:00","dateModified":"2023-06-14T22:49:46+00:00","breadcrumb":{"@id":"https:\/\/comprovet.com.mx\/2023\/jaulas-para-gallinas\/#breadcrumb"},"inLanguage":"es","potentialAction":[{"@type":"ReadAction","target":["https:\/\/comprovet.com.mx\/2023\/jaulas-para-gallinas\/"]}]},{"@type":"ImageObject","inLanguage":"es","@id":"https:\/\/comprovet.com.mx\/2023\/jaulas-para-gallinas\/#primaryimage","url":"https:\/\/comprovet.com.mx\/2023\/wp-content\/uploads\/2023\/06\/jaulas-gallinas-y-pollitos-comprovet-1.jpg","contentUrl":"https:\/\/comprovet.com.mx\/2023\/wp-content\/uploads\/2023\/06\/jaulas-gallinas-y-pollitos-comprovet-1.jpg"},{"@type":"BreadcrumbList","@id":"https:\/\/comprovet.com.mx\/2023\/jaulas-para-gallinas\/#breadcrumb","itemListElement":[{"@type":"ListItem","position":1,"name":"Portada","item":"https:\/\/comprovet.com.mx\/2023\/"},{"@type":"ListItem","position":2,"name":"Jaulas para Gallinas"}]},{"@type":"WebSite","@id":"https:\/\/comprovet.com.mx\/2023\/#website","url":"https:\/\/comprovet.com.mx\/2023\/","name":"Comprovet","description":"","potentialAction":[{"@type":"SearchAction","target":{"@type":"EntryPoint","urlTemplate":"https:\/\/comprovet.com.mx\/2023\/?s={search_term_string}"},"query-input":{"@type":"PropertyValueSpecification","valueRequired":true,"valueName":"search_term_string"}}],"inLanguage":"es"}]}},"_links":{"self":[{"href":"https:\/\/comprovet.com.mx\/2023\/wp-json\/wp\/v2\/pages\/27","targetHints":{"allow":["GET"]}}],"collection":[{"href":"https:\/\/comprovet.com.mx\/2023\/wp-json\/wp\/v2\/pages"}],"about":[{"href":"https:\/\/comprovet.com.mx\/2023\/wp-json\/wp\/v2\/types\/page"}],"author":[{"embeddable":true,"href":"https:\/\/comprovet.com.mx\/2023\/wp-json\/wp\/v2\/users\/1"}],"replies":[{"embeddable":true,"href":"https:\/\/comprovet.com.mx\/2023\/wp-json\/wp\/v2\/comments?post=27"}],"version-history":[{"count":13,"href":"https:\/\/comprovet.com.mx\/2023\/wp-json\/wp\/v2\/pages\/27\/revisions"}],"predecessor-version":[{"id":250,"href":"https:\/\/comprovet.com.mx\/2023\/wp-json\/wp\/v2\/pages\/27\/revisions\/250"}],"wp:attachment":[{"href":"https:\/\/comprovet.com.mx\/2023\/wp-json\/wp\/v2\/media?parent=27"}],"curies":[{"name":"wp","href":"https:\/\/api.w.org\/{rel}","templated":true}]}}